{"id":216,"date":"2013-01-15T17:35:58","date_gmt":"2013-01-15T17:35:58","guid":{"rendered":"http:\/\/feldbahn.hostingsociety.com\/blog\/?page_id=216"},"modified":"2025-09-29T15:35:44","modified_gmt":"2025-09-29T14:35:44","slug":"besuche-bei-anderen-feldbahnen-und-int-feldbahntreffen","status":"publish","type":"page","link":"http:\/\/hofherrm.de\/feldbahn\/?page_id=216","title":{"rendered":"Besuche und Feldbahntreffen"},"content":{"rendered":"<p><a href=\"http:\/\/hofherrm.de\/feldbahn\/wp-content\/uploads\/2013\/01\/CIMG1167.jpg\"><img loading=\"lazy\" decoding=\"async\" class=\"alignleft  wp-image-247\" src=\"http:\/\/hofherrm.de\/feldbahn\/wp-content\/uploads\/2013\/01\/CIMG1167.jpg\" alt=\"CIMG1167\" width=\"937\" height=\"703\" srcset=\"http:\/\/hofherrm.de\/feldbahn\/wp-content\/uploads\/2013\/01\/CIMG1167.jpg 2304w, http:\/\/hofherrm.de\/feldbahn\/wp-content\/uploads\/2013\/01\/CIMG1167-300x225.jpg 300w, http:\/\/hofherrm.de\/feldbahn\/wp-content\/uploads\/2013\/01\/CIMG1167-1024x768.jpg 1024w, http:\/\/hofherrm.de\/feldbahn\/wp-content\/uploads\/2013\/01\/CIMG1167-400x300.jpg 400w\" sizes=\"auto, (max-width: 937px) 100vw, 937px\" \/><\/a><\/p>\n<p>Int.Feldbahntreffen 2013 in Chemnitz -K\u00fcchwald-Parkbahn<\/p>\n<div id=\"attachment_248\" style=\"width: 948px\" class=\"wp-caption alignleft\"><a href=\"http:\/\/hofherrm.de\/feldbahn\/wp-content\/uploads\/2013\/01\/CIMG1164.jpg\"><img loading=\"lazy\" decoding=\"async\" aria-describedby=\"caption-attachment-248\" class=\" wp-image-248\" src=\"http:\/\/hofherrm.de\/feldbahn\/wp-content\/uploads\/2013\/01\/CIMG1164.jpg\" alt=\"Dieselzug der K\u00fcchwaldbahn\" width=\"938\" height=\"704\" srcset=\"http:\/\/hofherrm.de\/feldbahn\/wp-content\/uploads\/2013\/01\/CIMG1164.jpg 2304w, http:\/\/hofherrm.de\/feldbahn\/wp-content\/uploads\/2013\/01\/CIMG1164-300x225.jpg 300w, http:\/\/hofherrm.de\/feldbahn\/wp-content\/uploads\/2013\/01\/CIMG1164-1024x768.jpg 1024w, http:\/\/hofherrm.de\/feldbahn\/wp-content\/uploads\/2013\/01\/CIMG1164-400x300.jpg 400w\" sizes=\"auto, (max-width: 938px) 100vw, 938px\" \/><\/a><p id=\"caption-attachment-248\" class=\"wp-caption-text\">Dieselzug der K\u00fcchwaldbahn<\/p><\/div>\n<p><strong>Besuch auf der (stillgelegten)Parkbahn in Bad Br\u00fcckenau<\/strong><\/p>\n<h1><a href=\"http:\/\/hofherrm.de\/feldbahn\/wp-content\/uploads\/2013\/01\/Bild03.jpg\"><img loading=\"lazy\" decoding=\"async\" class=\"alignleft  wp-image-218\" title=\"Bad Br\u00fcckenau im Park\" src=\"http:\/\/hofherrm.de\/feldbahn\/wp-content\/uploads\/2013\/01\/Bild03.jpg\" alt=\"\" width=\"658\" height=\"493\" srcset=\"http:\/\/hofherrm.de\/feldbahn\/wp-content\/uploads\/2013\/01\/Bild03.jpg 1024w, http:\/\/hofherrm.de\/feldbahn\/wp-content\/uploads\/2013\/01\/Bild03-300x225.jpg 300w, http:\/\/hofherrm.de\/feldbahn\/wp-content\/uploads\/2013\/01\/Bild03-400x300.jpg 400w\" sizes=\"auto, (max-width: 658px) 100vw, 658px\" \/><\/a><\/h1>\n<h1><img loading=\"lazy\" decoding=\"async\" src=\"http:\/\/www.feldbahn-glossen.de\/web-Gruppenfoto.jpg\" alt=\"\" width=\"655\" height=\"496\" align=\"BOTTOM\" border=\"0\" \/><\/h1>\n<div id=\"attachment_264\" style=\"width: 671px\" class=\"wp-caption alignleft\"><a href=\"http:\/\/hofherrm.de\/feldbahn\/wp-content\/uploads\/2013\/01\/Schienenkuli-in-Glossen2004.jpg\"><img loading=\"lazy\" decoding=\"async\" aria-describedby=\"caption-attachment-264\" class=\" wp-image-264\" src=\"http:\/\/hofherrm.de\/feldbahn\/wp-content\/uploads\/2013\/01\/Schienenkuli-in-Glossen2004.jpg\" alt=\"Bei der Parade mit dem STR\u00dcVER-Schienenkuli\" width=\"661\" height=\"496\" srcset=\"http:\/\/hofherrm.de\/feldbahn\/wp-content\/uploads\/2013\/01\/Schienenkuli-in-Glossen2004.jpg 732w, http:\/\/hofherrm.de\/feldbahn\/wp-content\/uploads\/2013\/01\/Schienenkuli-in-Glossen2004-300x225.jpg 300w, http:\/\/hofherrm.de\/feldbahn\/wp-content\/uploads\/2013\/01\/Schienenkuli-in-Glossen2004-400x300.jpg 400w\" sizes=\"auto, (max-width: 661px) 100vw, 661px\" \/><\/a><p id=\"caption-attachment-264\" class=\"wp-caption-text\"><strong><span style=\"font-size: medium;\">Bei der Parade mit dem STR\u00dcVER-Schienenkuli<\/span><\/strong><\/p><\/div>\n<h1><span style=\"font-size: medium; background-color: #ffffff;\"><strong>Beim Int.Feldbahntreffen 2012 bei der Muskauer Waldbahn in Wei\u00dfwasser<\/strong><\/span><\/h1>\n<h1><a href=\"http:\/\/hofherrm.de\/feldbahn\/wp-content\/uploads\/2013\/01\/CIMG0932.jpg\"><img loading=\"lazy\" decoding=\"async\" title=\"Bad Muskau 2012\" src=\"http:\/\/hofherrm.de\/feldbahn\/wp-content\/uploads\/2013\/01\/CIMG0932.jpg\" alt=\"\" width=\"640\" height=\"480\" \/><\/a><a href=\"http:\/\/hofherrm.de\/feldbahn\/wp-content\/uploads\/2013\/01\/CIMG0945.jpg\"><img loading=\"lazy\" decoding=\"async\" title=\"Bad Muskau 2012\" src=\"http:\/\/hofherrm.de\/feldbahn\/wp-content\/uploads\/2013\/01\/CIMG0945.jpg\" alt=\"\" width=\"640\" height=\"480\" \/><\/a><\/h1>\n<h1><span style=\"font-size: medium;\"><strong>Beim Int.Feldbahntreffen 2012 bei der Muskauer Waldbahn in Wei\u00dfwasser<\/strong><\/span><\/h1>\n<h1><a href=\"http:\/\/hofherrm.de\/feldbahn\/wp-content\/uploads\/2013\/01\/Int.FBTreff-Ramsen2008-13.jpg\"><img loading=\"lazy\" decoding=\"async\" class=\"alignleft  wp-image-265\" src=\"http:\/\/hofherrm.de\/feldbahn\/wp-content\/uploads\/2013\/01\/Int.FBTreff-Ramsen2008-13.jpg\" alt=\"Int.FB-Treff Ramsen2008\" width=\"652\" height=\"436\" srcset=\"http:\/\/hofherrm.de\/feldbahn\/wp-content\/uploads\/2013\/01\/Int.FBTreff-Ramsen2008-13.jpg 2560w, http:\/\/hofherrm.de\/feldbahn\/wp-content\/uploads\/2013\/01\/Int.FBTreff-Ramsen2008-13-300x200.jpg 300w, http:\/\/hofherrm.de\/feldbahn\/wp-content\/uploads\/2013\/01\/Int.FBTreff-Ramsen2008-13-1024x684.jpg 1024w, http:\/\/hofherrm.de\/feldbahn\/wp-content\/uploads\/2013\/01\/Int.FBTreff-Ramsen2008-13-448x300.jpg 448w\" sizes=\"auto, (max-width: 652px) 100vw, 652px\" \/><\/a><\/h1>\n<p><strong>Beim Feldbahntreffen 2008 in Ramsen auf der STUMPFWALDBAHN<\/strong><\/p>\n<p><a href=\"http:\/\/hofherrm.de\/feldbahn\/wp-content\/uploads\/2013\/01\/Int.FBTreff-Ramsen2008-21.jpg\"><img loading=\"lazy\" decoding=\"async\" class=\"alignleft  wp-image-267\" src=\"http:\/\/hofherrm.de\/feldbahn\/wp-content\/uploads\/2013\/01\/Int.FBTreff-Ramsen2008-21.jpg\" alt=\"Int.FBTreff Ramsen2008-21\" width=\"649\" height=\"434\" srcset=\"http:\/\/hofherrm.de\/feldbahn\/wp-content\/uploads\/2013\/01\/Int.FBTreff-Ramsen2008-21.jpg 2560w, http:\/\/hofherrm.de\/feldbahn\/wp-content\/uploads\/2013\/01\/Int.FBTreff-Ramsen2008-21-300x200.jpg 300w, http:\/\/hofherrm.de\/feldbahn\/wp-content\/uploads\/2013\/01\/Int.FBTreff-Ramsen2008-21-1024x684.jpg 1024w, http:\/\/hofherrm.de\/feldbahn\/wp-content\/uploads\/2013\/01\/Int.FBTreff-Ramsen2008-21-448x300.jpg 448w\" sizes=\"auto, (max-width: 649px) 100vw, 649px\" \/><\/a><\/p>\n<p><strong><span style=\"font-size: medium;\">mein &#8222;Gr\u00fcner Zug&#8220; in Ramsen (Leihgabe)<\/span><\/strong><\/p>\n","protected":false},"excerpt":{"rendered":"<p>Int.Feldbahntreffen 2013 in Chemnitz -K\u00fcchwald-Parkbahn Besuch auf der (stillgelegten)Parkbahn in Bad Br\u00fcckenau Beim Int.Feldbahntreffen 2012 bei der Muskauer Waldbahn in Wei\u00dfwasser Beim Int.Feldbahntreffen 2012 bei der Muskauer Waldbahn in Wei\u00dfwasser Beim Feldbahntreffen 2008 in Ramsen auf der STUMPFWALDBAHN mein &#8222;Gr\u00fcner <span class=\"excerpt-dots\">&hellip;<\/span> <a class=\"more-link\" href=\"http:\/\/hofherrm.de\/feldbahn\/?page_id=216\"><span class=\"more-msg\">Weiterlesen &rarr;<\/span><\/a><\/p>\n","protected":false},"author":1,"featured_media":0,"parent":0,"menu_order":0,"comment_status":"open","ping_status":"open","template":"","meta":{"footnotes":""},"class_list":["post-216","page","type-page","status-publish","hentry"],"_links":{"self":[{"href":"http:\/\/hofherrm.de\/feldbahn\/index.php?rest_route=\/wp\/v2\/pages\/216","targetHints":{"allow":["GET"]}}],"collection":[{"href":"http:\/\/hofherrm.de\/feldbahn\/index.php?rest_route=\/wp\/v2\/pages"}],"about":[{"href":"http:\/\/hofherrm.de\/feldbahn\/index.php?rest_route=\/wp\/v2\/types\/page"}],"author":[{"embeddable":true,"href":"http:\/\/hofherrm.de\/feldbahn\/index.php?rest_route=\/wp\/v2\/users\/1"}],"replies":[{"embeddable":true,"href":"http:\/\/hofherrm.de\/feldbahn\/index.php?rest_route=%2Fwp%2Fv2%2Fcomments&post=216"}],"version-history":[{"count":20,"href":"http:\/\/hofherrm.de\/feldbahn\/index.php?rest_route=\/wp\/v2\/pages\/216\/revisions"}],"predecessor-version":[{"id":617,"href":"http:\/\/hofherrm.de\/feldbahn\/index.php?rest_route=\/wp\/v2\/pages\/216\/revisions\/617"}],"wp:attachment":[{"href":"http:\/\/hofherrm.de\/feldbahn\/index.php?rest_route=%2Fwp%2Fv2%2Fmedia&parent=216"}],"curies":[{"name":"wp","href":"https:\/\/api.w.org\/{rel}","templated":true}]}}