{"id":8,"date":"2012-08-30T08:50:49","date_gmt":"2012-08-30T08:50:49","guid":{"rendered":"http:\/\/feldbahn.hostingsociety.com\/blog\/?page_id=8"},"modified":"2021-09-02T15:59:48","modified_gmt":"2021-09-02T14:59:48","slug":"geschichte","status":"publish","type":"page","link":"http:\/\/hofherrm.de\/feldbahn\/?page_id=8","title":{"rendered":"Geschichte"},"content":{"rendered":"<h3><span style=\"font-size: medium;\"><span style=\"color: black;\">Beginn der Sammlung und des Gleisbaues 1987<\/span><\/span><\/h3>\n<p><span style=\"font-size: medium;\"><span style=\"color: black;\">\u201eDie Idee zum Bau einer eigenen Feldbahn kam mir 1984, als ich mit dem Technischen Hilfswerk (THW) half, die Strecke der Museumseisenbahn \u201eKuckucksb\u00e4hnel\u201c Neustadt-Elmstein wiederherzurichten. Dabei fielen mir beim stillgelegten S\u00e4gewerk SCHULZ in Breitenstein liegende Feldbahngleise auf. <\/span>Ein freier LKW des THW \u00fcbernahm (gegen den ber\u00fchmten Kasten Bier) den Transport nach Neustadt-Speyerdorf und kippte mir die ersten ca.100m Gleis incl. 3 Weichen in den Vorgarten (zum Entsetzen meiner Frau&#8230;) Kurz danach h\u00f6rte ich von einem Mitarbeiter der Fa. Dyckerhoff &amp;Widmann, da\u00df er eine Kipplore und einen Stapel Gleise per LKW liefern k\u00f6nne, so geschah\u00b4s&#8230; und weitere 50m Gleis und das 1.rollende Fahrzeug waren da. Jetzt mu\u00dfte es mit dem planm\u00e4\u00dfigen Gleisbau um\u00b4s Haus losgehen<\/span><\/p>\n<p><span style=\"font-size: medium;\"><a style=\"font-size: small;\" href=\"http:\/\/hofherrm.de\/feldbahn\/wp-content\/uploads\/2012\/08\/Erdarbeiten_des_THW_mit_Radlader.jpg\"><img loading=\"lazy\" decoding=\"async\" class=\"size-full wp-image-12 alignleft\" title=\"Erdarbeiten_des_THW_mit_Radlader\" src=\"http:\/\/hofherrm.de\/feldbahn\/wp-content\/uploads\/2012\/08\/Erdarbeiten_des_THW_mit_Radlader.jpg\" alt=\"\" width=\"360\" height=\"220\" srcset=\"http:\/\/hofherrm.de\/feldbahn\/wp-content\/uploads\/2012\/08\/Erdarbeiten_des_THW_mit_Radlader.jpg 360w, http:\/\/hofherrm.de\/feldbahn\/wp-content\/uploads\/2012\/08\/Erdarbeiten_des_THW_mit_Radlader-300x183.jpg 300w\" sizes=\"auto, (max-width: 360px) 100vw, 360px\" \/><br><\/a><br>Mit Hilfe einiger Freunde und eines geliehenen Kleinbaggers und dem THW-Radlader konnte mit dem Trassen \u2013 und Gleisbau begonnen werden.<\/span><\/p>\n<p><span style=\"font-size: medium;\"><a href=\"http:\/\/hofherrm.de\/feldbahn\/wp-content\/uploads\/2012\/08\/gleisbau2.jpg\"><img loading=\"lazy\" decoding=\"async\" class=\"alignleft size-full wp-image-13\" title=\"gleisbau2\" src=\"http:\/\/hofherrm.de\/feldbahn\/wp-content\/uploads\/2012\/08\/gleisbau2.jpg\" alt=\"\" width=\"365\" height=\"270\" srcset=\"http:\/\/hofherrm.de\/feldbahn\/wp-content\/uploads\/2012\/08\/gleisbau2.jpg 365w, http:\/\/hofherrm.de\/feldbahn\/wp-content\/uploads\/2012\/08\/gleisbau2-300x221.jpg 300w\" sizes=\"auto, (max-width: 365px) 100vw, 365px\" \/><\/a><\/span><\/p>\n<p><span style=\"font-size: medium;\">Der f\u00fcr den Lokbetrieb mindestens erforderliche 10m-Radius konnte gerade eingehalten werden. Die runden Schienen erwarb ich gebraucht und vorgebogen vom Feldbahnh\u00e4ndler Eilers in Hamburg und verbaute diese auf echten halbierten Eisenbahn-Schwellen mit Schwellen- schrauben in den Kurvenstrecken. Die anderen geraden Schienen sind die Standard-5m-Rahmen S-10 mit Rillenschwellen.<\/span><\/p>\n<p align=\"left\"><span style=\"font-size: medium;\">Einige Dutzend Bohrer hat das Nachbohren von 13mm-L\u00f6chern f\u00fcr die Laschen gekostet! Auch nach 50 Jahren ist Feldbahngleis \u201estahlhart\u201c, der Rost t\u00e4uscht!<\/span><\/p>\n<p align=\"left\"><span style=\"font-size: medium;\"><a href=\"http:\/\/hofherrm.de\/feldbahn\/wp-content\/uploads\/2012\/08\/gleisbau1.jpg\"><img loading=\"lazy\" decoding=\"async\" class=\"size-full wp-image-14 alignleft\" title=\"gleisbau1\" src=\"http:\/\/hofherrm.de\/feldbahn\/wp-content\/uploads\/2012\/08\/gleisbau1.jpg\" alt=\"\" width=\"365\" height=\"275\" srcset=\"http:\/\/hofherrm.de\/feldbahn\/wp-content\/uploads\/2012\/08\/gleisbau1.jpg 365w, http:\/\/hofherrm.de\/feldbahn\/wp-content\/uploads\/2012\/08\/gleisbau1-300x226.jpg 300w\" sizes=\"auto, (max-width: 365px) 100vw, 365px\" \/><\/a><\/span><\/p>\n<p align=\"left\"><span style=\"font-size: medium;\">Wie das Bild zeigt,war die 1.Kurve eine echte \u201eSchlammschlacht\u201c<\/span><\/p>\n<p><span style=\"font-size: medium;\">Als Schotter lie\u00df ich mir normalen Eisenbahnschotter von einem nahe gelegenen Schotterwerk per LKW anfahren, 16 Tonnen auf Zugmaschine + H\u00e4nger, das gab abgekippt zwei riesige Haufen, die es nun galt in die Schienen zu verteilen. Zwei Wochen Urlaub gingen f\u00fcr diese Handarbeit drauf.<\/span><\/p>\n<p><span style=\"font-size: medium;\"><a href=\"http:\/\/hofherrm.de\/feldbahn\/wp-content\/uploads\/2012\/08\/schotter.jpg\"><img loading=\"lazy\" decoding=\"async\" class=\"alignleft size-full wp-image-15\" title=\"schotter\" src=\"http:\/\/hofherrm.de\/feldbahn\/wp-content\/uploads\/2012\/08\/schotter.jpg\" alt=\"\" width=\"365\" height=\"235\" srcset=\"http:\/\/hofherrm.de\/feldbahn\/wp-content\/uploads\/2012\/08\/schotter.jpg 365w, http:\/\/hofherrm.de\/feldbahn\/wp-content\/uploads\/2012\/08\/schotter-300x193.jpg 300w\" sizes=\"auto, (max-width: 365px) 100vw, 365px\" \/><\/a><\/span><\/p>\n<p><span style=\"font-size: medium;\">Wer jemals mit einer Gabel in einen Schotterhaufen gesto\u00dfen hat, wei\u00df was ich durchgemacht habe!)<\/span><\/p>\n<p align=\"left\"><span style=\"font-size: medium;\">Die letzten Gleisprofile lie\u00df ich in Mannheim biegen und bin dann mit \u201ewippendem Gleis\u201c (7m im Kombi) nach Hause gefahren. Den \u201eGolden Spike\u201c gabs nicht als der Kreis um\u00b4s Haus geschlossen war, aber ein paar Bierchen schon&#8230;.<\/span><\/p>\n<p align=\"left\"><span style=\"font-size: medium;\">Jedenfalls konnte ich jetzt die 1.eigene Lok aufs Gleis setzen.<\/span><\/p>\n<p align=\"left\"><span style=\"font-size: medium;\"><a href=\"http:\/\/hofherrm.de\/feldbahn\/wp-content\/uploads\/2012\/08\/Lokschuppen.jpg\"><img loading=\"lazy\" decoding=\"async\" class=\"size-full wp-image-16 alignleft\" title=\"Lokschuppen\" src=\"http:\/\/hofherrm.de\/feldbahn\/wp-content\/uploads\/2012\/08\/Lokschuppen.jpg\" alt=\"\" width=\"360\" height=\"243\" srcset=\"http:\/\/hofherrm.de\/feldbahn\/wp-content\/uploads\/2012\/08\/Lokschuppen.jpg 360w, http:\/\/hofherrm.de\/feldbahn\/wp-content\/uploads\/2012\/08\/Lokschuppen-300x202.jpg 300w\" sizes=\"auto, (max-width: 360px) 100vw, 360px\" \/><\/a><\/span><\/p>\n<p align=\"left\"><span style=\"font-size: medium;\">Ein Lokschuppen mu\u00dfte nun her, aus einem Carportbausatz (Baumarkt) entstand ein Schuppen mit vier Gleisst\u00e4nden und Schiebetoren, davor eine Schiebeb\u00fchne zur Verteilung der Loks auf das Zufuhrgleis.<\/span><span style=\"font-size: medium;\"><a href=\"http:\/\/hofherrm.de\/feldbahn\/wp-content\/uploads\/2012\/08\/Abstellgleise_mit_Loren__am_Bach.jpg\">&nbsp;<\/a><\/span><\/p>\n<p align=\"left\"><span style=\"font-size: medium;\">So sieht eine typische Fundstelle f\u00fcr Feldbahngleise aus! In Hochspeyer bauten wir im Sept.2000 ca.80m Gleis, 3 Weichen und diverse Loren vom Lagerplatz einer Tiefbaufirma ab. Nach m\u00fchsamem Transport mit mehreren Anh\u00e4ngerfahrten nach Speyerdorf wurden die Teile zun\u00e4chst auf den Abstellgleisen gelagert und zum Teil wieder an andere Feldbahnfreunde weitergegeben. (Manche lagern leider gro\u00dfe Mengen alter Gleise und Rollmaterial, ohne je Zeit und Geld aufbringen zu k\u00f6nnen (wollen), um alles zu restaurieren, bzw.betriebsf\u00e4hig. zu machen und sind aber auch nicht bereit, etwas an andere abzugeben. <\/span><\/p>\n<p align=\"left\"><span style=\"font-size: medium;\">Leider ein Unsitte bei manchen Feldbahnfreunden! )<\/span><a style=\"color: #bb1100; font-size: small;\" href=\"http:\/\/hofherrm.de\/feldbahn\/wp-content\/uploads\/2012\/08\/Gleisabbau_Hochspeyer_1_.jpg\"><img loading=\"lazy\" decoding=\"async\" class=\"alignnone size-full wp-image-18\" style=\"border-color: #bbbbbb; background-color: #eeeeee;\" title=\"Gleisabbau_Hochspeyer_1_\" src=\"http:\/\/hofherrm.de\/feldbahn\/wp-content\/uploads\/2012\/08\/Gleisabbau_Hochspeyer_1_.jpg\" alt=\"\" width=\"720\" height=\"1000\" srcset=\"http:\/\/hofherrm.de\/feldbahn\/wp-content\/uploads\/2012\/08\/Gleisabbau_Hochspeyer_1_.jpg 720w, http:\/\/hofherrm.de\/feldbahn\/wp-content\/uploads\/2012\/08\/Gleisabbau_Hochspeyer_1_-216x300.jpg 216w\" sizes=\"auto, (max-width: 720px) 100vw, 720px\" \/><\/a><\/p>\n<p align=\"left\"><span style=\"font-size: medium;\"><a href=\"http:\/\/hofherrm.de\/feldbahn\/wp-content\/uploads\/2012\/08\/Abstellgleise_mit_Loren__am_Bach.jpg\"><span style=\"color: #000000;\">Einbau einer Weiche <\/span><\/a><\/span><span style=\"font-size: medium;\"><a href=\"http:\/\/hofherrm.de\/feldbahn\/wp-content\/uploads\/2012\/08\/Abstellgleise_mit_Loren__am_Bach.jpg\"><span style=\"color: #000000;\">zum neuen Abstellgleis im Vorgarten<\/span><\/a><\/span><\/p>\n<p align=\"left\"><span style=\"font-size: medium;\"><a href=\"http:\/\/hofherrm.de\/feldbahn\/wp-content\/uploads\/2012\/08\/PIC_00321.jpg\"><img loading=\"lazy\" decoding=\"async\" class=\"alignleft  wp-image-196\" title=\"Einbau einer Rechtsweiche zum vorderen Abstellgleis\" src=\"http:\/\/hofherrm.de\/feldbahn\/wp-content\/uploads\/2012\/08\/PIC_00321.jpg\" alt=\"\" width=\"1588\" height=\"1191\"><\/a><\/span><\/p>\n\n\n<figure class=\"wp-block-image size-large is-resized\"><a href=\"http:\/\/hofherrm.de\/feldbahn\/wp-content\/uploads\/2021\/09\/Gleisdreieck-scaled.jpg\"><img loading=\"lazy\" decoding=\"async\" src=\"http:\/\/hofherrm.de\/feldbahn\/wp-content\/uploads\/2021\/09\/Gleisdreieck-1024x768.jpg\" alt=\"\" class=\"wp-image-526\" width=\"686\" height=\"515\" srcset=\"http:\/\/hofherrm.de\/feldbahn\/wp-content\/uploads\/2021\/09\/Gleisdreieck-1024x768.jpg 1024w, http:\/\/hofherrm.de\/feldbahn\/wp-content\/uploads\/2021\/09\/Gleisdreieck-300x225.jpg 300w, http:\/\/hofherrm.de\/feldbahn\/wp-content\/uploads\/2021\/09\/Gleisdreieck-768x576.jpg 768w, http:\/\/hofherrm.de\/feldbahn\/wp-content\/uploads\/2021\/09\/Gleisdreieck-1536x1152.jpg 1536w, http:\/\/hofherrm.de\/feldbahn\/wp-content\/uploads\/2021\/09\/Gleisdreieck-2048x1536.jpg 2048w, http:\/\/hofherrm.de\/feldbahn\/wp-content\/uploads\/2021\/09\/Gleisdreieck-400x300.jpg 400w\" sizes=\"auto, (max-width: 686px) 100vw, 686px\" \/><\/a><figcaption><strong>Signal, Vorderkipplore und Telefonbude am Gleisdreieck<\/strong><\/figcaption><\/figure>\n\n\n","protected":false},"excerpt":{"rendered":"<p>Beginn der Sammlung und des Gleisbaues 1987 \u201eDie Idee zum Bau einer eigenen Feldbahn kam mir 1984, als ich mit dem Technischen Hilfswerk (THW) half, die Strecke der Museumseisenbahn \u201eKuckucksb\u00e4hnel\u201c Neustadt-Elmstein wiederherzurichten. Dabei fielen mir beim stillgelegten S\u00e4gewerk SCHULZ in <span class=\"excerpt-dots\">&hellip;<\/span> <a class=\"more-link\" href=\"http:\/\/hofherrm.de\/feldbahn\/?page_id=8\"><span class=\"more-msg\">Weiterlesen &rarr;<\/span><\/a><\/p>\n","protected":false},"author":1,"featured_media":0,"parent":0,"menu_order":0,"comment_status":"closed","ping_status":"closed","template":"","meta":{"footnotes":""},"class_list":["post-8","page","type-page","status-publish","hentry"],"_links":{"self":[{"href":"http:\/\/hofherrm.de\/feldbahn\/index.php?rest_route=\/wp\/v2\/pages\/8","targetHints":{"allow":["GET"]}}],"collection":[{"href":"http:\/\/hofherrm.de\/feldbahn\/index.php?rest_route=\/wp\/v2\/pages"}],"about":[{"href":"http:\/\/hofherrm.de\/feldbahn\/index.php?rest_route=\/wp\/v2\/types\/page"}],"author":[{"embeddable":true,"href":"http:\/\/hofherrm.de\/feldbahn\/index.php?rest_route=\/wp\/v2\/users\/1"}],"replies":[{"embeddable":true,"href":"http:\/\/hofherrm.de\/feldbahn\/index.php?rest_route=%2Fwp%2Fv2%2Fcomments&post=8"}],"version-history":[{"count":16,"href":"http:\/\/hofherrm.de\/feldbahn\/index.php?rest_route=\/wp\/v2\/pages\/8\/revisions"}],"predecessor-version":[{"id":529,"href":"http:\/\/hofherrm.de\/feldbahn\/index.php?rest_route=\/wp\/v2\/pages\/8\/revisions\/529"}],"wp:attachment":[{"href":"http:\/\/hofherrm.de\/feldbahn\/index.php?rest_route=%2Fwp%2Fv2%2Fmedia&parent=8"}],"curies":[{"name":"wp","href":"https:\/\/api.w.org\/{rel}","templated":true}]}}